{"id":75,"date":"2023-02-26T19:57:38","date_gmt":"2023-02-26T19:57:38","guid":{"rendered":"http:\/\/localhost\/afg\/?page_id=75"},"modified":"2025-11-03T09:06:28","modified_gmt":"2025-11-03T09:06:28","slug":"contacts","status":"publish","type":"page","link":"https:\/\/afgbankgabon.com\/en\/contacts\/","title":{"rendered":"Contact"},"content":{"rendered":"\n<div class=\"wpcf7 no-js\" id=\"wpcf7-f5-o1\" lang=\"fr-FR\" dir=\"ltr\" data-wpcf7-id=\"5\">\n<div class=\"screen-reader-response\"><p role=\"status\" aria-live=\"polite\" aria-atomic=\"true\"><\/p> <ul><\/ul><\/div>\n<form action=\"\/en\/wp-json\/wp\/v2\/pages\/75#wpcf7-f5-o1\" method=\"post\" class=\"wpcf7-form init\" aria-label=\"Formulaire de contact\" novalidate=\"novalidate\" data-status=\"init\">\n<fieldset class=\"hidden-fields-container\"><input type=\"hidden\" name=\"_wpcf7\" value=\"5\" \/><input type=\"hidden\" name=\"_wpcf7_version\" value=\"6.1.5\" \/><input type=\"hidden\" name=\"_wpcf7_locale\" value=\"fr_FR\" \/><input type=\"hidden\" name=\"_wpcf7_unit_tag\" value=\"wpcf7-f5-o1\" \/><input type=\"hidden\" name=\"_wpcf7_container_post\" value=\"0\" \/><input type=\"hidden\" name=\"_wpcf7_posted_data_hash\" value=\"\" \/><input type=\"hidden\" name=\"_wpcf7cf_hidden_group_fields\" value=\"[]\" \/><input type=\"hidden\" name=\"_wpcf7cf_hidden_groups\" value=\"[]\" \/><input type=\"hidden\" name=\"_wpcf7cf_visible_groups\" value=\"[]\" \/><input type=\"hidden\" name=\"_wpcf7cf_repeaters\" value=\"[]\" \/><input type=\"hidden\" name=\"_wpcf7cf_steps\" value=\"{}\" \/><input type=\"hidden\" name=\"_wpcf7cf_options\" value=\"{&quot;form_id&quot;:5,&quot;conditions&quot;:[{&quot;then_field&quot;:&quot;group-615&quot;,&quot;and_rules&quot;:[{&quot;if_field&quot;:&quot;radio-323&quot;,&quot;operator&quot;:&quot;equals&quot;,&quot;if_value&quot;:&quot;Oui&quot;}]}],&quot;settings&quot;:{&quot;animation&quot;:&quot;yes&quot;,&quot;animation_intime&quot;:200,&quot;animation_outtime&quot;:200,&quot;conditions_ui&quot;:&quot;normal&quot;,&quot;notice_dismissed&quot;:false}}\" \/><input type=\"hidden\" name=\"_wpcf7dtx_version\" value=\"5.0.4\" \/>\n<\/fieldset>\n<div id=\"contact_form\" name=\"contact_form\" class=\"\">\n\t<div class=\"form-group\">\n\t\t<p><span class=\"wpcf7-form-control-wrap\" data-name=\"radio-697\"><span class=\"wpcf7-form-control wpcf7-radio\"><span class=\"wpcf7-list-item first\"><label><input type=\"radio\" name=\"radio-697\" value=\"Etudiant\" checked=\"checked\" \/><span class=\"wpcf7-list-item-label\">Etudiant<\/span><\/label><\/span><span class=\"wpcf7-list-item\"><label><input type=\"radio\" name=\"radio-697\" value=\"Salari\u00e9\" \/><span class=\"wpcf7-list-item-label\">Salari\u00e9<\/span><\/label><\/span><span class=\"wpcf7-list-item\"><label><input type=\"radio\" name=\"radio-697\" value=\"Professionnel\" \/><span class=\"wpcf7-list-item-label\">Professionnel<\/span><\/label><\/span><span class=\"wpcf7-list-item last\"><label><input type=\"radio\" name=\"radio-697\" value=\"Entreprise\" \/><span class=\"wpcf7-list-item-label\">Entreprise<\/span><\/label><\/span><\/span><\/span>\n\t\t<\/p>\n\t<\/div>\n\t<div class=\"form-group\">\n\t\t<p><label>Etes-vous client ?<\/label><br \/>\n<span class=\"wpcf7-form-control-wrap\" data-name=\"radio-323\"><span class=\"wpcf7-form-control wpcf7-radio\"><span class=\"wpcf7-list-item first\"><label><input type=\"radio\" name=\"radio-323\" value=\"Oui\" \/><span class=\"wpcf7-list-item-label\">Oui<\/span><\/label><\/span><span class=\"wpcf7-list-item last\"><label><input type=\"radio\" name=\"radio-323\" value=\"Non\" checked=\"checked\" \/><span class=\"wpcf7-list-item-label\">Non<\/span><\/label><\/span><\/span><\/span>\n\t\t<\/p>\n\t<\/div>\n\t<div data-id=\"group-615\" data-orig_data_id=\"group-615\"  class=\"\" data-class=\"wpcf7cf_group\">\n\t\t<div class=\"form-group\">\n\t\t\t<p><label>Entrez votre num\u00e9ro de compte<\/label><br \/>\n<span class=\"wpcf7-form-control-wrap\" data-name=\"text-653\"><input size=\"40\" maxlength=\"400\" class=\"wpcf7-form-control wpcf7-text\" aria-invalid=\"false\" value=\"\" type=\"text\" name=\"text-653\" \/><\/span>\n\t\t\t<\/p>\n\t\t<\/div>\n\t<\/div>\n\t<div class=\"row\">\n\t\t<div class=\"col-sm-6\">\n\t\t\t<div class=\"form-group\">\n\t\t\t\t<p><label>Nom et Pr\u00e9nom <small>*<\/small><\/label>\n\t\t\t\t<\/p>\n\t\t\t\t<p><span class=\"wpcf7-form-control-wrap\" data-name=\"your-name\"><input size=\"40\" maxlength=\"400\" class=\"wpcf7-form-control wpcf7-text wpcf7-validates-as-required form-control required\" aria-required=\"true\" aria-invalid=\"false\" value=\"\" type=\"text\" name=\"your-name\" \/><\/span>\n\t\t\t\t<\/p>\n\t\t\t<\/div>\n\t\t<\/div>\n\t\t<div class=\"col-sm-6\">\n\t\t\t<div class=\"form-group\">\n\t\t\t\t<p><label>Votre Email <small>*<\/small><\/label><br \/>\n<span class=\"wpcf7-form-control-wrap\" data-name=\"your-email\"><input size=\"40\" maxlength=\"400\" class=\"wpcf7-form-control wpcf7-email wpcf7-validates-as-required wpcf7-text wpcf7-validates-as-email form-control required email\" aria-required=\"true\" aria-invalid=\"false\" value=\"\" type=\"email\" name=\"your-email\" \/><\/span>\n\t\t\t\t<\/p>\n\t\t\t<\/div>\n\t\t<\/div>\n\t<\/div>\n\t<div class=\"form-group\">\n\t\t<p><label>Votre t\u00e9l\u00e9phone<\/label><br \/>\n<span class=\"wpcf7-form-control-wrap\" data-name=\"tel-227\"><input size=\"40\" maxlength=\"400\" class=\"wpcf7-form-control wpcf7-tel wpcf7-text wpcf7-validates-as-tel form-control\" aria-invalid=\"false\" value=\"\" type=\"tel\" name=\"tel-227\" \/><\/span>\n\t\t<\/p>\n\t<\/div>\n\t<div class=\"form-group\">\n\t\t<p><label>Votre Message<\/label><br \/>\n<span class=\"wpcf7-form-control-wrap\" data-name=\"your-message\"><textarea cols=\"40\" rows=\"10\" maxlength=\"2000\" class=\"wpcf7-form-control wpcf7-textarea form-control required\" aria-invalid=\"false\" name=\"your-message\"><\/textarea><\/span>\n\t\t<\/p>\n\t<\/div>\n\t<div class=\"form-group\">\n\t\t<p><label>Je souhaite \u00eatre contact\u00e9 par : <\/label><br \/>\n<span class=\"wpcf7-form-control-wrap\" data-name=\"radio-404\"><span class=\"wpcf7-form-control wpcf7-radio\"><span class=\"wpcf7-list-item first\"><label><input type=\"radio\" name=\"radio-404\" value=\"T\u00e9l\u00e9phone\" checked=\"checked\" \/><span class=\"wpcf7-list-item-label\">T\u00e9l\u00e9phone<\/span><\/label><\/span><span class=\"wpcf7-list-item last\"><label><input type=\"radio\" name=\"radio-404\" value=\"Mail\" \/><span class=\"wpcf7-list-item-label\">Mail<\/span><\/label><\/span><\/span><\/span>\n\t\t<\/p>\n\t<\/div>\n\t<div title=\"Ce pr\u00e9sent formulaire a \u00e9t\u00e9 \u00e9labor\u00e9 en vue de faciliter la prise en charge des sollicitations des clients et prospects par notre \u00e9tablissement. Les informations sollicit\u00e9es sont requises dans le cadre d\u2019une \u00e9tude pr\u00e9liminaire des besoins de la client\u00e8le. La prise en charge de ces sollicitations sera obligatoirement confirm\u00e9e soit par t\u00e9l\u00e9phone soit par mail, par le centre de relation client de la banque. En renseignant ce formulaire, vous acceptez que vos donn\u00e9es soient utilis\u00e9es, trait\u00e9es et stock\u00e9es dans le cadre des activit\u00e9s de la banque. \u00c0 tout moment, vous pouvez vous opposez \u00e0 l\u2019utilisation de vos donn\u00e9es personnelles en le signifiant \u00e0 notre \u00e9tablissement par courrier ou par tout autre moyen l\u00e9gal.\" class=\"form-group\">\n\t\t<font color=\"#00AD00\">\n\t\t\t<p><span class=\"wpcf7-form-control-wrap\" data-name=\"acceptance-286\"><span class=\"wpcf7-form-control wpcf7-acceptance\"><span class=\"wpcf7-list-item\"><label><input type=\"checkbox\" name=\"acceptance-286\" value=\"1\" aria-invalid=\"false\" \/><span class=\"wpcf7-list-item-label\">Je reconnais avoir lu et accept\u00e9<\/span><\/label><\/span><\/span><\/span>\n\t\t\t<\/p>\n\t\t<\/font>\n\t<\/div>\n\t<div class=\"form-group\">\n\t\t<p><input name=\"form_botcheck\" class=\"form-control\" type=\"hidden\" value=\"\" \/>\n\t\t<\/p>\n\t\t<p><input class=\"wpcf7-form-control wpcf7-submit has-spinner btn btn-primary btn-lg\" type=\"submit\" value=\"Envoyer\" \/>\n\t\t<\/p>\n\t<\/div>\n<\/div><div class=\"wpcf7-response-output\" aria-hidden=\"true\"><\/div>\n<\/form>\n<\/div>\n\n","protected":false},"excerpt":{"rendered":"","protected":false},"author":2,"featured_media":32261,"parent":0,"menu_order":0,"comment_status":"closed","ping_status":"closed","template":"contact.php","meta":{"footnotes":""},"class_list":["post-75","page","type-page","status-publish","has-post-thumbnail","hentry"],"acf":[],"yoast_head":"<!-- This site is optimized with the Yoast SEO plugin v26.9 - https:\/\/yoast.com\/product\/yoast-seo-wordpress\/ -->\n<title>Contact - AFG Bank Gabon<\/title>\n<meta name=\"robots\" content=\"index, follow, max-snippet:-1, max-image-preview:large, max-video-preview:-1\" \/>\n<link rel=\"canonical\" href=\"https:\/\/afgbankgabon.com\/contacts\/\" \/>\n<meta property=\"og:locale\" content=\"en_US\" \/>\n<meta property=\"og:type\" content=\"article\" \/>\n<meta property=\"og:title\" content=\"[:fr]Contacts[:en]Contact[:] - AFG Bank Gabon\" \/>\n<meta property=\"og:url\" content=\"https:\/\/afgbankgabon.com\/contacts\/\" \/>\n<meta property=\"og:site_name\" content=\"AFG Bank Gabon\" \/>\n<meta property=\"article:modified_time\" content=\"2025-11-03T09:06:28+00:00\" \/>\n<meta property=\"og:image\" content=\"https:\/\/afgbankgabon.com\/wp-content\/uploads\/2024\/12\/crc-afg-bank-gabon-1-scaled.jpg\" \/>\n\t<meta property=\"og:image:width\" content=\"1708\" \/>\n\t<meta property=\"og:image:height\" content=\"2560\" \/>\n\t<meta property=\"og:image:type\" content=\"image\/jpeg\" \/>\n<meta name=\"twitter:card\" content=\"summary_large_image\" \/>\n<meta name=\"twitter:label1\" content=\"Est. reading time\" \/>\n\t<meta name=\"twitter:data1\" content=\"1 minute\" \/>\n<script type=\"application\/ld+json\" class=\"yoast-schema-graph\">{\"@context\":\"https:\/\/schema.org\",\"@graph\":[{\"@type\":\"WebPage\",\"@id\":\"https:\/\/afgbankgabon.com\/contacts\/\",\"url\":\"https:\/\/afgbankgabon.com\/contacts\/\",\"name\":\"[:fr]Contacts[:en]Contact[:] - AFG Bank Gabon\",\"isPartOf\":{\"@id\":\"https:\/\/afgbankgabon.com\/#website\"},\"primaryImageOfPage\":{\"@id\":\"https:\/\/afgbankgabon.com\/contacts\/#primaryimage\"},\"image\":{\"@id\":\"https:\/\/afgbankgabon.com\/contacts\/#primaryimage\"},\"thumbnailUrl\":\"https:\/\/afgbankgabon.com\/wp-content\/uploads\/2024\/12\/crc-afg-bank-gabon-1-scaled.jpg\",\"datePublished\":\"2023-02-26T19:57:38+00:00\",\"dateModified\":\"2025-11-03T09:06:28+00:00\",\"breadcrumb\":{\"@id\":\"https:\/\/afgbankgabon.com\/contacts\/#breadcrumb\"},\"inLanguage\":\"en-US\",\"potentialAction\":[{\"@type\":\"ReadAction\",\"target\":[\"https:\/\/afgbankgabon.com\/contacts\/\"]}]},{\"@type\":\"ImageObject\",\"inLanguage\":\"en-US\",\"@id\":\"https:\/\/afgbankgabon.com\/contacts\/#primaryimage\",\"url\":\"https:\/\/afgbankgabon.com\/wp-content\/uploads\/2024\/12\/crc-afg-bank-gabon-1-scaled.jpg\",\"contentUrl\":\"https:\/\/afgbankgabon.com\/wp-content\/uploads\/2024\/12\/crc-afg-bank-gabon-1-scaled.jpg\",\"width\":1708,\"height\":2560},{\"@type\":\"BreadcrumbList\",\"@id\":\"https:\/\/afgbankgabon.com\/contacts\/#breadcrumb\",\"itemListElement\":[{\"@type\":\"ListItem\",\"position\":1,\"name\":\"Accueil\",\"item\":\"https:\/\/afgbankgabon.com\/\"},{\"@type\":\"ListItem\",\"position\":2,\"name\":\"Contacts\"}]},{\"@type\":\"WebSite\",\"@id\":\"https:\/\/afgbankgabon.com\/#website\",\"url\":\"https:\/\/afgbankgabon.com\/\",\"name\":\"AFG Bank Gabon\",\"description\":\"[:fr]...Et tout devient possible[:en]...and everything becomes possible[:]\",\"publisher\":{\"@id\":\"https:\/\/afgbankgabon.com\/#organization\"},\"potentialAction\":[{\"@type\":\"SearchAction\",\"target\":{\"@type\":\"EntryPoint\",\"urlTemplate\":\"https:\/\/afgbankgabon.com\/?s={search_term_string}\"},\"query-input\":{\"@type\":\"PropertyValueSpecification\",\"valueRequired\":true,\"valueName\":\"search_term_string\"}}],\"inLanguage\":\"en-US\"},{\"@type\":\"Organization\",\"@id\":\"https:\/\/afgbankgabon.com\/#organization\",\"name\":\"AFG Bank Gabon\",\"url\":\"https:\/\/afgbankgabon.com\/\",\"logo\":{\"@type\":\"ImageObject\",\"inLanguage\":\"en-US\",\"@id\":\"https:\/\/afgbankgabon.com\/#\/schema\/logo\/image\/\",\"url\":\"https:\/\/afgbankgabon.com\/wp-content\/uploads\/2024\/10\/Logo-AFG-BANK-BLANC-scaled.png\",\"contentUrl\":\"https:\/\/afgbankgabon.com\/wp-content\/uploads\/2024\/10\/Logo-AFG-BANK-BLANC-scaled.png\",\"width\":2560,\"height\":1098,\"caption\":\"AFG Bank Gabon\"},\"image\":{\"@id\":\"https:\/\/afgbankgabon.com\/#\/schema\/logo\/image\/\"}}]}<\/script>\n<!-- \/ Yoast SEO plugin. -->","yoast_head_json":{"title":"[:fr]Contacts[:en]Contact[:] - AFG Bank Gabon","robots":{"index":"index","follow":"follow","max-snippet":"max-snippet:-1","max-image-preview":"max-image-preview:large","max-video-preview":"max-video-preview:-1"},"canonical":"https:\/\/afgbankgabon.com\/contacts\/","og_locale":"en_US","og_type":"article","og_title":"[:fr]Contacts[:en]Contact[:] - AFG Bank Gabon","og_url":"https:\/\/afgbankgabon.com\/contacts\/","og_site_name":"AFG Bank Gabon","article_modified_time":"2025-11-03T09:06:28+00:00","og_image":[{"width":1708,"height":2560,"url":"https:\/\/afgbankgabon.com\/wp-content\/uploads\/2024\/12\/crc-afg-bank-gabon-1-scaled.jpg","type":"image\/jpeg"}],"twitter_card":"summary_large_image","twitter_misc":{"Est. reading time":"1 minute"},"schema":{"@context":"https:\/\/schema.org","@graph":[{"@type":"WebPage","@id":"https:\/\/afgbankgabon.com\/contacts\/","url":"https:\/\/afgbankgabon.com\/contacts\/","name":"[:fr]Contacts[:en]Contact[:] - AFG Bank Gabon","isPartOf":{"@id":"https:\/\/afgbankgabon.com\/#website"},"primaryImageOfPage":{"@id":"https:\/\/afgbankgabon.com\/contacts\/#primaryimage"},"image":{"@id":"https:\/\/afgbankgabon.com\/contacts\/#primaryimage"},"thumbnailUrl":"https:\/\/afgbankgabon.com\/wp-content\/uploads\/2024\/12\/crc-afg-bank-gabon-1-scaled.jpg","datePublished":"2023-02-26T19:57:38+00:00","dateModified":"2025-11-03T09:06:28+00:00","breadcrumb":{"@id":"https:\/\/afgbankgabon.com\/contacts\/#breadcrumb"},"inLanguage":"en-US","potentialAction":[{"@type":"ReadAction","target":["https:\/\/afgbankgabon.com\/contacts\/"]}]},{"@type":"ImageObject","inLanguage":"en-US","@id":"https:\/\/afgbankgabon.com\/contacts\/#primaryimage","url":"https:\/\/afgbankgabon.com\/wp-content\/uploads\/2024\/12\/crc-afg-bank-gabon-1-scaled.jpg","contentUrl":"https:\/\/afgbankgabon.com\/wp-content\/uploads\/2024\/12\/crc-afg-bank-gabon-1-scaled.jpg","width":1708,"height":2560},{"@type":"BreadcrumbList","@id":"https:\/\/afgbankgabon.com\/contacts\/#breadcrumb","itemListElement":[{"@type":"ListItem","position":1,"name":"Accueil","item":"https:\/\/afgbankgabon.com\/"},{"@type":"ListItem","position":2,"name":"Contacts"}]},{"@type":"WebSite","@id":"https:\/\/afgbankgabon.com\/#website","url":"https:\/\/afgbankgabon.com\/","name":"AFG Bank Gabon","description":"[:fr]...Et tout devient possible[:en]...and everything becomes possible[:]","publisher":{"@id":"https:\/\/afgbankgabon.com\/#organization"},"potentialAction":[{"@type":"SearchAction","target":{"@type":"EntryPoint","urlTemplate":"https:\/\/afgbankgabon.com\/?s={search_term_string}"},"query-input":{"@type":"PropertyValueSpecification","valueRequired":true,"valueName":"search_term_string"}}],"inLanguage":"en-US"},{"@type":"Organization","@id":"https:\/\/afgbankgabon.com\/#organization","name":"AFG Bank Gabon","url":"https:\/\/afgbankgabon.com\/","logo":{"@type":"ImageObject","inLanguage":"en-US","@id":"https:\/\/afgbankgabon.com\/#\/schema\/logo\/image\/","url":"https:\/\/afgbankgabon.com\/wp-content\/uploads\/2024\/10\/Logo-AFG-BANK-BLANC-scaled.png","contentUrl":"https:\/\/afgbankgabon.com\/wp-content\/uploads\/2024\/10\/Logo-AFG-BANK-BLANC-scaled.png","width":2560,"height":1098,"caption":"AFG Bank Gabon"},"image":{"@id":"https:\/\/afgbankgabon.com\/#\/schema\/logo\/image\/"}}]}},"_links":{"self":[{"href":"https:\/\/afgbankgabon.com\/en\/wp-json\/wp\/v2\/pages\/75","targetHints":{"allow":["GET"]}}],"collection":[{"href":"https:\/\/afgbankgabon.com\/en\/wp-json\/wp\/v2\/pages"}],"about":[{"href":"https:\/\/afgbankgabon.com\/en\/wp-json\/wp\/v2\/types\/page"}],"author":[{"embeddable":true,"href":"https:\/\/afgbankgabon.com\/en\/wp-json\/wp\/v2\/users\/2"}],"replies":[{"embeddable":true,"href":"https:\/\/afgbankgabon.com\/en\/wp-json\/wp\/v2\/comments?post=75"}],"version-history":[{"count":44,"href":"https:\/\/afgbankgabon.com\/en\/wp-json\/wp\/v2\/pages\/75\/revisions"}],"predecessor-version":[{"id":39025,"href":"https:\/\/afgbankgabon.com\/en\/wp-json\/wp\/v2\/pages\/75\/revisions\/39025"}],"wp:featuredmedia":[{"embeddable":true,"href":"https:\/\/afgbankgabon.com\/en\/wp-json\/wp\/v2\/media\/32261"}],"wp:attachment":[{"href":"https:\/\/afgbankgabon.com\/en\/wp-json\/wp\/v2\/media?parent=75"}],"curies":[{"name":"wp","href":"https:\/\/api.w.org\/{rel}","templated":true}]}}