{"id":36417,"date":"2025-06-25T08:59:52","date_gmt":"2025-06-25T08:59:52","guid":{"rendered":"https:\/\/afgbankgabon.com\/?page_id=36417"},"modified":"2025-06-25T10:56:50","modified_gmt":"2025-06-25T10:56:50","slug":"missions-et-valeurs-2","status":"publish","type":"page","link":"https:\/\/afgbankgabon.com\/en\/missions-et-valeurs-2\/","title":{"rendered":"(Fran\u00e7ais) Missions et valeurs"},"content":{"rendered":"\t\t<div data-elementor-type=\"wp-page\" data-elementor-id=\"36417\" class=\"elementor elementor-36417\" data-elementor-post-type=\"page\">\n\t\t\t\t\t\t<section class=\"elementor-section elementor-top-section elementor-element elementor-element-aa72b7a elementor-section-full_width elementor-section-height-min-height elementor-section-height-default elementor-section-items-middle\" data-id=\"aa72b7a\" data-element_type=\"section\" data-e-type=\"section\" data-settings=\"{&quot;background_background&quot;:&quot;classic&quot;}\">\n\t\t\t\t\t\t<div class=\"elementor-container elementor-column-gap-default\">\n\t\t\t\t\t<div class=\"elementor-column elementor-col-100 elementor-top-column elementor-element elementor-element-5f665d8\" data-id=\"5f665d8\" data-element_type=\"column\" data-e-type=\"column\">\n\t\t\t<div class=\"elementor-widget-wrap elementor-element-populated\">\n\t\t\t\t\t\t<div class=\"elementor-element elementor-element-d33cf08 elementor-widget elementor-widget-heading\" data-id=\"d33cf08\" data-element_type=\"widget\" data-e-type=\"widget\" data-widget_type=\"heading.default\">\n\t\t\t\t<div class=\"elementor-widget-container\">\n\t\t\t\t\t<h2 class=\"elementor-heading-title elementor-size-default\">Missions et valeurs<\/h2>\t\t\t\t<\/div>\n\t\t\t\t<\/div>\n\t\t\t\t\t<\/div>\n\t\t<\/div>\n\t\t\t\t\t<\/div>\n\t\t<\/section>\n\t\t\t\t<section class=\"elementor-section elementor-top-section elementor-element elementor-element-6755106 elementor-section-boxed elementor-section-height-default elementor-section-height-default\" data-id=\"6755106\" data-element_type=\"section\" data-e-type=\"section\">\n\t\t\t\t\t\t<div class=\"elementor-container elementor-column-gap-default\">\n\t\t\t\t\t<div class=\"elementor-column elementor-col-50 elementor-top-column elementor-element elementor-element-3673eaf\" data-id=\"3673eaf\" data-element_type=\"column\" data-e-type=\"column\">\n\t\t\t<div class=\"elementor-widget-wrap elementor-element-populated\">\n\t\t\t\t\t\t<div class=\"elementor-element elementor-element-2776043 elementor-widget elementor-widget-text-editor\" data-id=\"2776043\" data-element_type=\"widget\" data-e-type=\"widget\" data-widget_type=\"text-editor.default\">\n\t\t\t\t<div class=\"elementor-widget-container\">\n\t\t\t\t\t\t\t\t\t<p>&#8211; \u00catre une Banque de r\u00e9f\u00e9rence en Afrique aussi bien pour les Particuliers que les Entreprises.<\/p><p>&#8211; Forte de 419 collaborateurs au 31 d\u00e9cembre 2021, elle est soucieuse de consolider sa position parmi les banques pr\u00e9sentant les meilleurs crit\u00e8res de gestion et de rentabilit\u00e9.<\/p><p>&#8211; AFG Bank Gabon, au-del\u00e0 de la croissance de son volume d\u2019activit\u00e9, veille \u00e9galement au strict respect des standards de la profession et des pratiques de bonne gouvernance.<\/p><p>&#8211; L\u2019ensemble de ces actions est dirig\u00e9 vers un unique but : la satisfaction de sa client\u00e8le par une \u00e9coute toujours attentive et la mise en \u0153uvre de solutions innovantes r\u00e9ellement adapt\u00e9es \u00e0 ses besoins.<\/p>\t\t\t\t\t\t\t\t<\/div>\n\t\t\t\t<\/div>\n\t\t\t\t\t<\/div>\n\t\t<\/div>\n\t\t\t\t<div class=\"elementor-column elementor-col-50 elementor-top-column elementor-element elementor-element-88ba8ab\" data-id=\"88ba8ab\" data-element_type=\"column\" data-e-type=\"column\">\n\t\t\t<div class=\"elementor-widget-wrap elementor-element-populated\">\n\t\t\t\t\t\t<div class=\"elementor-element elementor-element-5869ff9 elementor-widget elementor-widget-image\" data-id=\"5869ff9\" data-element_type=\"widget\" data-e-type=\"widget\" data-widget_type=\"image.default\">\n\t\t\t\t<div class=\"elementor-widget-container\">\n\t\t\t\t\t\t\t\t\t\t\t\t\t\t\t<img fetchpriority=\"high\" decoding=\"async\" width=\"1000\" height=\"584\" src=\"https:\/\/afgbankgabon.com\/wp-content\/uploads\/2024\/10\/missions-Valeurs_-1000x584.jpg\" class=\"attachment-large size-large wp-image-32100\" alt=\"\" srcset=\"https:\/\/afgbankgabon.com\/wp-content\/uploads\/2024\/10\/missions-Valeurs_-1000x584.jpg 1000w, https:\/\/afgbankgabon.com\/wp-content\/uploads\/2024\/10\/missions-Valeurs_-700x409.jpg 700w, https:\/\/afgbankgabon.com\/wp-content\/uploads\/2024\/10\/missions-Valeurs_-768x448.jpg 768w, https:\/\/afgbankgabon.com\/wp-content\/uploads\/2024\/10\/missions-Valeurs_-1536x897.jpg 1536w, https:\/\/afgbankgabon.com\/wp-content\/uploads\/2024\/10\/missions-Valeurs_.jpg 1600w\" sizes=\"(max-width: 1000px) 100vw, 1000px\" \/>\t\t\t\t\t\t\t\t\t\t\t\t\t\t\t<\/div>\n\t\t\t\t<\/div>\n\t\t\t\t\t<\/div>\n\t\t<\/div>\n\t\t\t\t\t<\/div>\n\t\t<\/section>\n\t\t\t\t<section class=\"elementor-section elementor-top-section elementor-element elementor-element-9ef8f14 elementor-section-boxed elementor-section-height-default elementor-section-height-default\" data-id=\"9ef8f14\" data-element_type=\"section\" data-e-type=\"section\">\n\t\t\t\t\t\t<div class=\"elementor-container elementor-column-gap-default\">\n\t\t\t\t\t<div class=\"elementor-column elementor-col-100 elementor-top-column elementor-element elementor-element-b81953b\" data-id=\"b81953b\" data-element_type=\"column\" data-e-type=\"column\">\n\t\t\t<div class=\"elementor-widget-wrap elementor-element-populated\">\n\t\t\t\t\t\t<div class=\"elementor-element elementor-element-740a8d2 elementor-widget elementor-widget-heading\" data-id=\"740a8d2\" data-element_type=\"widget\" data-e-type=\"widget\" data-widget_type=\"heading.default\">\n\t\t\t\t<div class=\"elementor-widget-container\">\n\t\t\t\t\t<h2 class=\"elementor-heading-title elementor-size-default\">Notre mission<\/h2>\t\t\t\t<\/div>\n\t\t\t\t<\/div>\n\t\t\t\t<div class=\"elementor-element elementor-element-b51fee3 elementor-widget-divider--view-line elementor-widget elementor-widget-divider\" data-id=\"b51fee3\" data-element_type=\"widget\" data-e-type=\"widget\" data-widget_type=\"divider.default\">\n\t\t\t\t<div class=\"elementor-widget-container\">\n\t\t\t\t\t\t\t<div class=\"elementor-divider\">\n\t\t\t<span class=\"elementor-divider-separator\">\n\t\t\t\t\t\t<\/span>\n\t\t<\/div>\n\t\t\t\t\t\t<\/div>\n\t\t\t\t<\/div>\n\t\t\t\t<div class=\"elementor-element elementor-element-0dd4a2d elementor-widget elementor-widget-text-editor\" data-id=\"0dd4a2d\" data-element_type=\"widget\" data-e-type=\"widget\" data-widget_type=\"text-editor.default\">\n\t\t\t\t<div class=\"elementor-widget-container\">\n\t\t\t\t\t\t\t\t\tContribuer \u00e0 la transformation \u00e9conomique du continent en tant que partenaire privil\u00e9gi\u00e9,<br> en renfor\u00e7ant l\u2019inclusion financi\u00e8re des populations.\t\t\t\t\t\t\t\t<\/div>\n\t\t\t\t<\/div>\n\t\t\t\t\t<\/div>\n\t\t<\/div>\n\t\t\t\t\t<\/div>\n\t\t<\/section>\n\t\t\t\t<section class=\"elementor-section elementor-top-section elementor-element elementor-element-98806f6 elementor-section-boxed elementor-section-height-default elementor-section-height-default\" data-id=\"98806f6\" data-element_type=\"section\" data-e-type=\"section\">\n\t\t\t\t\t\t<div class=\"elementor-container elementor-column-gap-default\">\n\t\t\t\t\t<div class=\"elementor-column elementor-col-100 elementor-top-column elementor-element elementor-element-d43034a\" data-id=\"d43034a\" data-element_type=\"column\" data-e-type=\"column\">\n\t\t\t<div class=\"elementor-widget-wrap elementor-element-populated\">\n\t\t\t\t\t\t<div class=\"elementor-element elementor-element-cc15f90 elementor-widget elementor-widget-heading\" data-id=\"cc15f90\" data-element_type=\"widget\" data-e-type=\"widget\" data-widget_type=\"heading.default\">\n\t\t\t\t<div class=\"elementor-widget-container\">\n\t\t\t\t\t<h2 class=\"elementor-heading-title elementor-size-default\">Nos valeurs<\/h2>\t\t\t\t<\/div>\n\t\t\t\t<\/div>\n\t\t\t\t<div class=\"elementor-element elementor-element-44ce52b elementor-widget-divider--view-line elementor-widget elementor-widget-divider\" data-id=\"44ce52b\" data-element_type=\"widget\" data-e-type=\"widget\" data-widget_type=\"divider.default\">\n\t\t\t\t<div class=\"elementor-widget-container\">\n\t\t\t\t\t\t\t<div class=\"elementor-divider\">\n\t\t\t<span class=\"elementor-divider-separator\">\n\t\t\t\t\t\t<\/span>\n\t\t<\/div>\n\t\t\t\t\t\t<\/div>\n\t\t\t\t<\/div>\n\t\t\t\t<div class=\"elementor-element elementor-element-04a5831 elementor-widget elementor-widget-text-editor\" data-id=\"04a5831\" data-element_type=\"widget\" data-e-type=\"widget\" data-widget_type=\"text-editor.default\">\n\t\t\t\t<div class=\"elementor-widget-container\">\n\t\t\t\t\t\t\t\t\tNous croyons en certaines valeurs que nous nous effor\u00e7ons de respecter<br> et de mettre en avant jour apr\u00e8s jour, par nos actes, nos conduites\u2026\t\t\t\t\t\t\t\t<\/div>\n\t\t\t\t<\/div>\n\t\t\t\t\t<\/div>\n\t\t<\/div>\n\t\t\t\t\t<\/div>\n\t\t<\/section>\n\t\t\t\t<section class=\"elementor-section elementor-top-section elementor-element elementor-element-9c1cb31 elementor-section-boxed elementor-section-height-default elementor-section-height-default\" data-id=\"9c1cb31\" data-element_type=\"section\" data-e-type=\"section\">\n\t\t\t\t\t\t<div class=\"elementor-container elementor-column-gap-narrow\">\n\t\t\t\t\t<div class=\"elementor-column elementor-col-25 elementor-top-column elementor-element elementor-element-447136b\" data-id=\"447136b\" data-element_type=\"column\" data-e-type=\"column\">\n\t\t\t<div class=\"elementor-widget-wrap elementor-element-populated\">\n\t\t\t\t\t\t<div class=\"elementor-element elementor-element-679f9ab elementor-position-top elementor-widget elementor-widget-image-box\" data-id=\"679f9ab\" data-element_type=\"widget\" data-e-type=\"widget\" data-widget_type=\"image-box.default\">\n\t\t\t\t<div class=\"elementor-widget-container\">\n\t\t\t\t\t<div class=\"elementor-image-box-wrapper\"><figure class=\"elementor-image-box-img\"><img decoding=\"async\" width=\"512\" height=\"512\" src=\"https:\/\/afgbankgabon.com\/wp-content\/uploads\/2025\/06\/resilience_12841822.png\" class=\"attachment-full size-full wp-image-36431\" alt=\"\" srcset=\"https:\/\/afgbankgabon.com\/wp-content\/uploads\/2025\/06\/resilience_12841822.png 512w, https:\/\/afgbankgabon.com\/wp-content\/uploads\/2025\/06\/resilience_12841822-467x467.png 467w\" sizes=\"(max-width: 512px) 100vw, 512px\" \/><\/figure><div class=\"elementor-image-box-content\"><h3 class=\"elementor-image-box-title\">R\u00e9silience<\/h3><p class=\"elementor-image-box-description\">Capacit\u00e9 de se r\u00e9inventer\n\n\n\n<\/p><\/div><\/div>\t\t\t\t<\/div>\n\t\t\t\t<\/div>\n\t\t\t\t\t<\/div>\n\t\t<\/div>\n\t\t\t\t<div class=\"elementor-column elementor-col-25 elementor-top-column elementor-element elementor-element-3d0db0f\" data-id=\"3d0db0f\" data-element_type=\"column\" data-e-type=\"column\">\n\t\t\t<div class=\"elementor-widget-wrap elementor-element-populated\">\n\t\t\t\t\t\t<div class=\"elementor-element elementor-element-96cb7a3 elementor-position-top elementor-widget elementor-widget-image-box\" data-id=\"96cb7a3\" data-element_type=\"widget\" data-e-type=\"widget\" data-widget_type=\"image-box.default\">\n\t\t\t\t<div class=\"elementor-widget-container\">\n\t\t\t\t\t<div class=\"elementor-image-box-wrapper\"><figure class=\"elementor-image-box-img\"><img decoding=\"async\" width=\"512\" height=\"512\" src=\"https:\/\/afgbankgabon.com\/wp-content\/uploads\/2025\/06\/target_8859166.png\" class=\"attachment-full size-full wp-image-36432\" alt=\"\" srcset=\"https:\/\/afgbankgabon.com\/wp-content\/uploads\/2025\/06\/target_8859166.png 512w, https:\/\/afgbankgabon.com\/wp-content\/uploads\/2025\/06\/target_8859166-467x467.png 467w\" sizes=\"(max-width: 512px) 100vw, 512px\" \/><\/figure><div class=\"elementor-image-box-content\"><h3 class=\"elementor-image-box-title\">Orientation Client<\/h3><p class=\"elementor-image-box-description\">\u00c9coute, R\u00e9activit\u00e9 &amp; Satisfaction<\/p><\/div><\/div>\t\t\t\t<\/div>\n\t\t\t\t<\/div>\n\t\t\t\t\t<\/div>\n\t\t<\/div>\n\t\t\t\t<div class=\"elementor-column elementor-col-25 elementor-top-column elementor-element elementor-element-835d55c\" data-id=\"835d55c\" data-element_type=\"column\" data-e-type=\"column\">\n\t\t\t<div class=\"elementor-widget-wrap elementor-element-populated\">\n\t\t\t\t\t\t<div class=\"elementor-element elementor-element-7b65ea8 elementor-position-top elementor-widget elementor-widget-image-box\" data-id=\"7b65ea8\" data-element_type=\"widget\" data-e-type=\"widget\" data-widget_type=\"image-box.default\">\n\t\t\t\t<div class=\"elementor-widget-container\">\n\t\t\t\t\t<div class=\"elementor-image-box-wrapper\"><figure class=\"elementor-image-box-img\"><img loading=\"lazy\" decoding=\"async\" width=\"512\" height=\"512\" src=\"https:\/\/afgbankgabon.com\/wp-content\/uploads\/2025\/06\/project-management_1087902.png\" class=\"attachment-full size-full wp-image-36430\" alt=\"\" srcset=\"https:\/\/afgbankgabon.com\/wp-content\/uploads\/2025\/06\/project-management_1087902.png 512w, https:\/\/afgbankgabon.com\/wp-content\/uploads\/2025\/06\/project-management_1087902-467x467.png 467w\" sizes=\"(max-width: 512px) 100vw, 512px\" \/><\/figure><div class=\"elementor-image-box-content\"><h3 class=\"elementor-image-box-title\">Innovation<\/h3><p class=\"elementor-image-box-description\">Ouverture d\u2019esprit, Agilit\u00e9\n\n\n<\/p><\/div><\/div>\t\t\t\t<\/div>\n\t\t\t\t<\/div>\n\t\t\t\t\t<\/div>\n\t\t<\/div>\n\t\t\t\t<div class=\"elementor-column elementor-col-25 elementor-top-column elementor-element elementor-element-2ee9b67\" data-id=\"2ee9b67\" data-element_type=\"column\" data-e-type=\"column\">\n\t\t\t<div class=\"elementor-widget-wrap elementor-element-populated\">\n\t\t\t\t\t\t<div class=\"elementor-element elementor-element-8e658ac elementor-position-top elementor-widget elementor-widget-image-box\" data-id=\"8e658ac\" data-element_type=\"widget\" data-e-type=\"widget\" data-widget_type=\"image-box.default\">\n\t\t\t\t<div class=\"elementor-widget-container\">\n\t\t\t\t\t<div class=\"elementor-image-box-wrapper\"><figure class=\"elementor-image-box-img\"><img loading=\"lazy\" decoding=\"async\" width=\"512\" height=\"512\" src=\"https:\/\/afgbankgabon.com\/wp-content\/uploads\/2025\/06\/handshake_6487734.png\" class=\"attachment-full size-full wp-image-36428\" alt=\"\" srcset=\"https:\/\/afgbankgabon.com\/wp-content\/uploads\/2025\/06\/handshake_6487734.png 512w, https:\/\/afgbankgabon.com\/wp-content\/uploads\/2025\/06\/handshake_6487734-467x467.png 467w\" sizes=\"(max-width: 512px) 100vw, 512px\" \/><\/figure><div class=\"elementor-image-box-content\"><h3 class=\"elementor-image-box-title\">Engagement<\/h3><p class=\"elementor-image-box-description\">Performance\n\n<\/p><\/div><\/div>\t\t\t\t<\/div>\n\t\t\t\t<\/div>\n\t\t\t\t\t<\/div>\n\t\t<\/div>\n\t\t\t\t\t<\/div>\n\t\t<\/section>\n\t\t\t\t<\/div>\n\t\t","protected":false},"excerpt":{"rendered":"<p>Missions et valeurs &#8211; \u00catre une Banque de r\u00e9f\u00e9rence en Afrique aussi bien pour les Particuliers que les Entreprises. &#8211; Forte de 419 collaborateurs au 31 d\u00e9cembre 2021, elle est soucieuse de consolider sa position parmi les banques pr\u00e9sentant les meilleurs crit\u00e8res de gestion et de rentabilit\u00e9. &#8211; AFG Bank Gabon, au-del\u00e0 de la croissance [&hellip;]<\/p>\n","protected":false},"author":2,"featured_media":0,"parent":0,"menu_order":0,"comment_status":"closed","ping_status":"closed","template":"elementor_header_footer","meta":{"footnotes":""},"class_list":["post-36417","page","type-page","status-publish","hentry"],"acf":[],"yoast_head":"<!-- This site is optimized with the Yoast SEO plugin v27.4 - https:\/\/yoast.com\/product\/yoast-seo-wordpress\/ -->\n<title><\/title>\n<meta name=\"robots\" content=\"index, follow, max-snippet:-1, max-image-preview:large, max-video-preview:-1\" \/>\n<link rel=\"canonical\" href=\"https:\/\/afgbankgabon.com\/missions-et-valeurs-2\/\" \/>\n<meta property=\"og:locale\" content=\"en_US\" \/>\n<meta property=\"og:type\" content=\"article\" \/>\n<meta property=\"og:title\" content=\"[:fr]Missions et valeurs[:] - AFG Bank Gabon\" \/>\n<meta property=\"og:description\" content=\"Missions et valeurs &#8211; \u00catre une Banque de r\u00e9f\u00e9rence en Afrique aussi bien pour les Particuliers que les Entreprises. &#8211; Forte de 419 collaborateurs au 31 d\u00e9cembre 2021, elle est soucieuse de consolider sa position parmi les banques pr\u00e9sentant les meilleurs crit\u00e8res de gestion et de rentabilit\u00e9. &#8211; AFG Bank Gabon, au-del\u00e0 de la croissance [&hellip;]\" \/>\n<meta property=\"og:url\" content=\"https:\/\/afgbankgabon.com\/missions-et-valeurs-2\/\" \/>\n<meta property=\"og:site_name\" content=\"AFG Bank Gabon\" \/>\n<meta property=\"article:modified_time\" content=\"2025-06-25T10:56:50+00:00\" \/>\n<meta property=\"og:image\" content=\"https:\/\/afgbankgabon.com\/wp-content\/uploads\/2024\/10\/missions-Valeurs_.jpg\" \/>\n\t<meta property=\"og:image:width\" content=\"1600\" \/>\n\t<meta property=\"og:image:height\" content=\"934\" \/>\n\t<meta property=\"og:image:type\" content=\"image\/jpeg\" \/>\n<meta name=\"twitter:card\" content=\"summary_large_image\" \/>\n<meta name=\"twitter:label1\" content=\"Est. reading time\" \/>\n\t<meta name=\"twitter:data1\" content=\"2 minutes\" \/>\n<script type=\"application\/ld+json\" class=\"yoast-schema-graph\">{\"@context\":\"https:\\\/\\\/schema.org\",\"@graph\":[{\"@type\":\"WebPage\",\"@id\":\"https:\\\/\\\/afgbankgabon.com\\\/missions-et-valeurs-2\\\/\",\"url\":\"https:\\\/\\\/afgbankgabon.com\\\/missions-et-valeurs-2\\\/\",\"name\":\"[:fr]Missions et valeurs[:] - AFG Bank Gabon\",\"isPartOf\":{\"@id\":\"https:\\\/\\\/afgbankgabon.com\\\/#website\"},\"primaryImageOfPage\":{\"@id\":\"https:\\\/\\\/afgbankgabon.com\\\/missions-et-valeurs-2\\\/#primaryimage\"},\"image\":{\"@id\":\"https:\\\/\\\/afgbankgabon.com\\\/missions-et-valeurs-2\\\/#primaryimage\"},\"thumbnailUrl\":\"https:\\\/\\\/afgbankgabon.com\\\/wp-content\\\/uploads\\\/2024\\\/10\\\/missions-Valeurs_-1000x584.jpg\",\"datePublished\":\"2025-06-25T08:59:52+00:00\",\"dateModified\":\"2025-06-25T10:56:50+00:00\",\"breadcrumb\":{\"@id\":\"https:\\\/\\\/afgbankgabon.com\\\/missions-et-valeurs-2\\\/#breadcrumb\"},\"inLanguage\":\"en-US\",\"potentialAction\":[{\"@type\":\"ReadAction\",\"target\":[\"https:\\\/\\\/afgbankgabon.com\\\/missions-et-valeurs-2\\\/\"]}]},{\"@type\":\"ImageObject\",\"inLanguage\":\"en-US\",\"@id\":\"https:\\\/\\\/afgbankgabon.com\\\/missions-et-valeurs-2\\\/#primaryimage\",\"url\":\"https:\\\/\\\/afgbankgabon.com\\\/wp-content\\\/uploads\\\/2024\\\/10\\\/missions-Valeurs_-1000x584.jpg\",\"contentUrl\":\"https:\\\/\\\/afgbankgabon.com\\\/wp-content\\\/uploads\\\/2024\\\/10\\\/missions-Valeurs_-1000x584.jpg\"},{\"@type\":\"BreadcrumbList\",\"@id\":\"https:\\\/\\\/afgbankgabon.com\\\/missions-et-valeurs-2\\\/#breadcrumb\",\"itemListElement\":[{\"@type\":\"ListItem\",\"position\":1,\"name\":\"Accueil\",\"item\":\"https:\\\/\\\/afgbankgabon.com\\\/\"},{\"@type\":\"ListItem\",\"position\":2,\"name\":\"[:fr]Missions et valeurs[:]\"}]},{\"@type\":\"WebSite\",\"@id\":\"https:\\\/\\\/afgbankgabon.com\\\/#website\",\"url\":\"https:\\\/\\\/afgbankgabon.com\\\/\",\"name\":\"AFG Bank Gabon\",\"description\":\"[:fr]...Et tout devient possible[:en]...and everything becomes possible[:]\",\"publisher\":{\"@id\":\"https:\\\/\\\/afgbankgabon.com\\\/#organization\"},\"potentialAction\":[{\"@type\":\"SearchAction\",\"target\":{\"@type\":\"EntryPoint\",\"urlTemplate\":\"https:\\\/\\\/afgbankgabon.com\\\/?s={search_term_string}\"},\"query-input\":{\"@type\":\"PropertyValueSpecification\",\"valueRequired\":true,\"valueName\":\"search_term_string\"}}],\"inLanguage\":\"en-US\"},{\"@type\":\"Organization\",\"@id\":\"https:\\\/\\\/afgbankgabon.com\\\/#organization\",\"name\":\"AFG Bank Gabon\",\"url\":\"https:\\\/\\\/afgbankgabon.com\\\/\",\"logo\":{\"@type\":\"ImageObject\",\"inLanguage\":\"en-US\",\"@id\":\"https:\\\/\\\/afgbankgabon.com\\\/#\\\/schema\\\/logo\\\/image\\\/\",\"url\":\"https:\\\/\\\/afgbankgabon.com\\\/wp-content\\\/uploads\\\/2024\\\/10\\\/Logo-AFG-BANK-BLANC-scaled.png\",\"contentUrl\":\"https:\\\/\\\/afgbankgabon.com\\\/wp-content\\\/uploads\\\/2024\\\/10\\\/Logo-AFG-BANK-BLANC-scaled.png\",\"width\":2560,\"height\":1098,\"caption\":\"AFG Bank Gabon\"},\"image\":{\"@id\":\"https:\\\/\\\/afgbankgabon.com\\\/#\\\/schema\\\/logo\\\/image\\\/\"}}]}<\/script>\n<!-- \/ Yoast SEO plugin. -->","yoast_head_json":{"title":"[:fr]Missions et valeurs[:] - AFG Bank Gabon","robots":{"index":"index","follow":"follow","max-snippet":"max-snippet:-1","max-image-preview":"max-image-preview:large","max-video-preview":"max-video-preview:-1"},"canonical":"https:\/\/afgbankgabon.com\/missions-et-valeurs-2\/","og_locale":"en_US","og_type":"article","og_title":"[:fr]Missions et valeurs[:] - AFG Bank Gabon","og_description":"Missions et valeurs &#8211; \u00catre une Banque de r\u00e9f\u00e9rence en Afrique aussi bien pour les Particuliers que les Entreprises. &#8211; Forte de 419 collaborateurs au 31 d\u00e9cembre 2021, elle est soucieuse de consolider sa position parmi les banques pr\u00e9sentant les meilleurs crit\u00e8res de gestion et de rentabilit\u00e9. &#8211; AFG Bank Gabon, au-del\u00e0 de la croissance [&hellip;]","og_url":"https:\/\/afgbankgabon.com\/missions-et-valeurs-2\/","og_site_name":"AFG Bank Gabon","article_modified_time":"2025-06-25T10:56:50+00:00","og_image":[{"width":1600,"height":934,"url":"https:\/\/afgbankgabon.com\/wp-content\/uploads\/2024\/10\/missions-Valeurs_.jpg","type":"image\/jpeg"}],"twitter_card":"summary_large_image","twitter_misc":{"Est. reading time":"2 minutes"},"schema":{"@context":"https:\/\/schema.org","@graph":[{"@type":"WebPage","@id":"https:\/\/afgbankgabon.com\/missions-et-valeurs-2\/","url":"https:\/\/afgbankgabon.com\/missions-et-valeurs-2\/","name":"[:fr]Missions et valeurs[:] - AFG Bank Gabon","isPartOf":{"@id":"https:\/\/afgbankgabon.com\/#website"},"primaryImageOfPage":{"@id":"https:\/\/afgbankgabon.com\/missions-et-valeurs-2\/#primaryimage"},"image":{"@id":"https:\/\/afgbankgabon.com\/missions-et-valeurs-2\/#primaryimage"},"thumbnailUrl":"https:\/\/afgbankgabon.com\/wp-content\/uploads\/2024\/10\/missions-Valeurs_-1000x584.jpg","datePublished":"2025-06-25T08:59:52+00:00","dateModified":"2025-06-25T10:56:50+00:00","breadcrumb":{"@id":"https:\/\/afgbankgabon.com\/missions-et-valeurs-2\/#breadcrumb"},"inLanguage":"en-US","potentialAction":[{"@type":"ReadAction","target":["https:\/\/afgbankgabon.com\/missions-et-valeurs-2\/"]}]},{"@type":"ImageObject","inLanguage":"en-US","@id":"https:\/\/afgbankgabon.com\/missions-et-valeurs-2\/#primaryimage","url":"https:\/\/afgbankgabon.com\/wp-content\/uploads\/2024\/10\/missions-Valeurs_-1000x584.jpg","contentUrl":"https:\/\/afgbankgabon.com\/wp-content\/uploads\/2024\/10\/missions-Valeurs_-1000x584.jpg"},{"@type":"BreadcrumbList","@id":"https:\/\/afgbankgabon.com\/missions-et-valeurs-2\/#breadcrumb","itemListElement":[{"@type":"ListItem","position":1,"name":"Accueil","item":"https:\/\/afgbankgabon.com\/"},{"@type":"ListItem","position":2,"name":"[:fr]Missions et valeurs[:]"}]},{"@type":"WebSite","@id":"https:\/\/afgbankgabon.com\/#website","url":"https:\/\/afgbankgabon.com\/","name":"AFG Bank Gabon","description":"[:fr]...Et tout devient possible[:en]...and everything becomes possible[:]","publisher":{"@id":"https:\/\/afgbankgabon.com\/#organization"},"potentialAction":[{"@type":"SearchAction","target":{"@type":"EntryPoint","urlTemplate":"https:\/\/afgbankgabon.com\/?s={search_term_string}"},"query-input":{"@type":"PropertyValueSpecification","valueRequired":true,"valueName":"search_term_string"}}],"inLanguage":"en-US"},{"@type":"Organization","@id":"https:\/\/afgbankgabon.com\/#organization","name":"AFG Bank Gabon","url":"https:\/\/afgbankgabon.com\/","logo":{"@type":"ImageObject","inLanguage":"en-US","@id":"https:\/\/afgbankgabon.com\/#\/schema\/logo\/image\/","url":"https:\/\/afgbankgabon.com\/wp-content\/uploads\/2024\/10\/Logo-AFG-BANK-BLANC-scaled.png","contentUrl":"https:\/\/afgbankgabon.com\/wp-content\/uploads\/2024\/10\/Logo-AFG-BANK-BLANC-scaled.png","width":2560,"height":1098,"caption":"AFG Bank Gabon"},"image":{"@id":"https:\/\/afgbankgabon.com\/#\/schema\/logo\/image\/"}}]}},"_links":{"self":[{"href":"https:\/\/afgbankgabon.com\/en\/wp-json\/wp\/v2\/pages\/36417","targetHints":{"allow":["GET"]}}],"collection":[{"href":"https:\/\/afgbankgabon.com\/en\/wp-json\/wp\/v2\/pages"}],"about":[{"href":"https:\/\/afgbankgabon.com\/en\/wp-json\/wp\/v2\/types\/page"}],"author":[{"embeddable":true,"href":"https:\/\/afgbankgabon.com\/en\/wp-json\/wp\/v2\/users\/2"}],"replies":[{"embeddable":true,"href":"https:\/\/afgbankgabon.com\/en\/wp-json\/wp\/v2\/comments?post=36417"}],"version-history":[{"count":21,"href":"https:\/\/afgbankgabon.com\/en\/wp-json\/wp\/v2\/pages\/36417\/revisions"}],"predecessor-version":[{"id":37595,"href":"https:\/\/afgbankgabon.com\/en\/wp-json\/wp\/v2\/pages\/36417\/revisions\/37595"}],"wp:attachment":[{"href":"https:\/\/afgbankgabon.com\/en\/wp-json\/wp\/v2\/media?parent=36417"}],"curies":[{"name":"wp","href":"https:\/\/api.w.org\/{rel}","templated":true}]}}